{"id":106,"date":"2023-05-22T21:44:35","date_gmt":"2023-05-23T01:44:35","guid":{"rendered":"https:\/\/madameivonne.ca\/?page_id=106"},"modified":"2023-05-25T18:37:42","modified_gmt":"2023-05-25T22:37:42","slug":"codefr","status":"publish","type":"page","link":"https:\/\/madameivonne.ca\/?page_id=106","title":{"rendered":"C\u00f3digos"},"content":{"rendered":"\n<div class=\"wp-block-media-text alignwide is-stacked-on-mobile\" style=\"grid-template-columns:31% auto\"><figure class=\"wp-block-media-text__media\"><img loading=\"lazy\" decoding=\"async\" width=\"603\" height=\"318\" src=\"https:\/\/madameivonne.ca\/wp-content\/uploads\/2023\/05\/politesse-1.png\" alt=\"\" class=\"wp-image-424 size-full\" srcset=\"https:\/\/madameivonne.ca\/wp-content\/uploads\/2023\/05\/politesse-1.png 603w, https:\/\/madameivonne.ca\/wp-content\/uploads\/2023\/05\/politesse-1-300x158.png 300w, https:\/\/madameivonne.ca\/wp-content\/uploads\/2023\/05\/politesse-1-220x116.png 220w\" sizes=\"auto, (max-width: 603px) 100vw, 603px\" \/><\/figure><div class=\"wp-block-media-text__content\">\n<h3 class=\"wp-block-heading\">C\u00f3digos (codes de conduite)<\/h3>\n\n\n\n<hr class=\"wp-block-separator has-alpha-channel-opacity\"\/>\n\n\n\n<h6 class=\"wp-block-heading\"><strong>Voici les comportements attendus d&rsquo;un participant ou d&rsquo;une participante \u00e0 un encuentro milonguero.<\/strong><\/h6>\n<\/div><\/div>\n\n\n<h3>\u00a0<\/h3>\n<h3>\u00c9v\u00e9nement social<\/h3>\n<p>Nous ne dansons pas seulement avec des amis mais aussi avec des inconnus. Nous socialisons m\u00eame si nous ne dansons pas avec tout le monde. Nous vous encourageons \u00e0 partager votre table avec des gens diff\u00e9rents \u00e0 chaque milonga.<\/p>\n<p>\u00a0<\/p>\n<h3>Invitation<\/h3>\n<p>L\u2019invitation se fait par mirada et cabeceo. On prend soins de ne pas bloquer ni voler les miradas adress\u00e9es aux autres. On v\u00e9rifie qu\u2019il y a un d\u00e9sir mutuel des deux c\u00f4t\u00e9s avant d\u2019inviter.<\/p>\n<p>\u00a0<\/p>\n<h3>Galanterie<\/h3>\n<p>Une fois l\u2019invitation confirm\u00e9e, l\u2019homme se d\u00e9place vers la femme pour l\u2019accompagner sur la piste. Apr\u00e8s la tanda, il lui propose de la raccompagner \u00e0 sa place.<\/p>\n<p>\u00a0<\/p>\n<h3>Entr\u00e9e en piste<\/h3>\n<p>On entre sur la piste en utilisant les entr\u00e9es (portes) pour aller sur la piste. On attend l\u2019accord de la part du danseur qui est d\u00e9j\u00e0 sur la piste. En dehors de la danse, la circulation des participants s&rsquo;effectue en dehors de la piste, derri\u00e8re les tables.<\/p>\n<p>\u00a0<\/p>\n<h3>Circulation sur la piste<\/h3>\n<p>Les couples \u00e9voluent sur la piste avec complicit\u00e9 pour le b\u00e9n\u00e9fice de l&rsquo;ensemble des danseurs en comblant l&rsquo;espace devant eux. La ronda doit \u00eatre fluide et harmonieuse. Les changements de ligne de danse et les pas en sens inverse de la piste sont \u00e0 proscrire ainsi que tout autre pitrerie repr\u00e9sentant un risque pour ses voisins de piste.\u00a0<\/p>\n<p>On quitte la piste pendant la cortina et on sollicite un nouveau partenaire si on a envie de danser la tanda suivante.<\/p>\n\n\n<p><\/p>\n\n\n\n<p><\/p>\n\n\n\n<hr class=\"wp-block-separator has-alpha-channel-opacity\"\/>\n\n\n\n<div class=\"wp-block-media-text alignwide has-media-on-the-right is-stacked-on-mobile\" style=\"grid-template-columns:auto 25%\"><div class=\"wp-block-media-text__content\">\n<h6 class=\"wp-block-heading has-small-font-size\">Note: Les organisateurs se r\u00e9servent le droit d&rsquo;exclure un participant de l&rsquo;\u00e9v\u00e9nement suite \u00e0 un manquement grave et r\u00e9p\u00e9t\u00e9 au code de conduite<\/h6>\n<\/div><figure class=\"wp-block-media-text__media\"><img loading=\"lazy\" decoding=\"async\" width=\"500\" height=\"300\" src=\"https:\/\/madameivonne.ca\/wp-content\/uploads\/2023\/05\/kickout-1.jpg\" alt=\"\" class=\"wp-image-452 size-full\" srcset=\"https:\/\/madameivonne.ca\/wp-content\/uploads\/2023\/05\/kickout-1.jpg 500w, https:\/\/madameivonne.ca\/wp-content\/uploads\/2023\/05\/kickout-1-300x180.jpg 300w, https:\/\/madameivonne.ca\/wp-content\/uploads\/2023\/05\/kickout-1-193x116.jpg 193w\" sizes=\"auto, (max-width: 500px) 100vw, 500px\" \/><\/figure><\/div>\n","protected":false},"excerpt":{"rendered":"<p>\u00a0 \u00c9v\u00e9nement social Nous ne dansons pas seulement avec des amis mais aussi avec des inconnus. Nous socialisons m\u00eame si nous ne dansons pas avec tout le monde. Nous vous encourageons \u00e0 partager votre table avec des gens diff\u00e9rents \u00e0 chaque milonga. \u00a0 Invitation L\u2019invitation se fait par mirada et cabeceo. On prend soins de [&hellip;]<\/p>\n","protected":false},"author":3,"featured_media":0,"parent":0,"menu_order":0,"comment_status":"closed","ping_status":"closed","template":"","meta":{"footnotes":""},"class_list":["post-106","page","type-page","status-publish","hentry"],"_links":{"self":[{"href":"https:\/\/madameivonne.ca\/index.php?rest_route=\/wp\/v2\/pages\/106","targetHints":{"allow":["GET"]}}],"collection":[{"href":"https:\/\/madameivonne.ca\/index.php?rest_route=\/wp\/v2\/pages"}],"about":[{"href":"https:\/\/madameivonne.ca\/index.php?rest_route=\/wp\/v2\/types\/page"}],"author":[{"embeddable":true,"href":"https:\/\/madameivonne.ca\/index.php?rest_route=\/wp\/v2\/users\/3"}],"replies":[{"embeddable":true,"href":"https:\/\/madameivonne.ca\/index.php?rest_route=%2Fwp%2Fv2%2Fcomments&post=106"}],"version-history":[{"count":42,"href":"https:\/\/madameivonne.ca\/index.php?rest_route=\/wp\/v2\/pages\/106\/revisions"}],"predecessor-version":[{"id":838,"href":"https:\/\/madameivonne.ca\/index.php?rest_route=\/wp\/v2\/pages\/106\/revisions\/838"}],"wp:attachment":[{"href":"https:\/\/madameivonne.ca\/index.php?rest_route=%2Fwp%2Fv2%2Fmedia&parent=106"}],"curies":[{"name":"wp","href":"https:\/\/api.w.org\/{rel}","templated":true}]}}