{"id":26,"date":"2023-05-03T04:32:34","date_gmt":"2023-05-03T08:32:34","guid":{"rendered":"https:\/\/madameivonne.ca\/about\/"},"modified":"2023-06-01T17:19:06","modified_gmt":"2023-06-01T21:19:06","slug":"apropos","status":"publish","type":"page","link":"https:\/\/madameivonne.ca\/?page_id=26","title":{"rendered":"\u00c0 propos"},"content":{"rendered":"\n<div class=\"wp-block-siteorigin-panels-layout-block\">\n<div id=\"pl-26\" class=\"panel-layout\">\n<div id=\"pg-26-0\" class=\"panel-grid panel-no-style\">\n<div id=\"pgc-26-0-0\" class=\"panel-grid-cell\">\n<div id=\"panel-26-0-0-0\" class=\"so-panel widget widget_media_image panel-first-child panel-last-child\" data-index=\"0\">\n<h3 class=\"widget-title\">Los Cuatro Amigos<\/h3>\n<img loading=\"lazy\" decoding=\"async\" class=\"image wp-image-383 attachment-large size-large\" style=\"max-width: 100%; height: auto;\" src=\"https:\/\/madameivonne.ca\/wp-content\/uploads\/2023\/05\/4amigos-1024x366.png\" sizes=\"auto, (max-width: 1024px) 100vw, 1024px\" srcset=\"https:\/\/madameivonne.ca\/wp-content\/uploads\/2023\/05\/4amigos-1024x366.png 1024w, https:\/\/madameivonne.ca\/wp-content\/uploads\/2023\/05\/4amigos-300x107.png 300w, https:\/\/madameivonne.ca\/wp-content\/uploads\/2023\/05\/4amigos-768x275.png 768w, https:\/\/madameivonne.ca\/wp-content\/uploads\/2023\/05\/4amigos-1536x549.png 1536w, https:\/\/madameivonne.ca\/wp-content\/uploads\/2023\/05\/4amigos-228x82.png 228w, https:\/\/madameivonne.ca\/wp-content\/uploads\/2023\/05\/4amigos.png 2000w\" alt=\"\" width=\"1024\" height=\"366\">\n\n<\/div>\n<\/div>\n<\/div>\n<\/div>\n<\/div>\n\n\n<p>\u00a0<\/p>\n<p>Quatre passionn\u00e9s du tango argentin ont uni leurs forces pour vous concocter un \u00e9v\u00e9nement m\u00e9morable. La premi\u00e8re \u00e9dition de cet Encuentro Milonguero s\u2019inscrit dans le d\u00e9sir de l\u2019\u00e9quipe de vous offrir un moment authentique, dans la tradition des encuentros d\u2019Europe, empreint de convivialit\u00e9, de respect et d\u2019\u00e9changes.<\/p>\n<p>\u00a0<\/p>\n<p>Le forfait inclut:<\/p>\n<ul>\n<li><strong>Un cocktail de bienvenue<\/strong><\/li>\n<li><strong>Quatre (4) milongas<\/strong><\/li>\n<li><strong>Quatre (4) super DJs<\/strong><\/li>\n<li><strong>Un brunch copieux<\/strong><\/li>\n<li><strong>Boissons non alcoolis\u00e9es et grignotines en libre service<\/strong><\/li>\n<li><strong>Bar payant pour les alcools<\/strong><\/li>\n<li><strong>Un \u00e9v\u00e9nement ext\u00e9rieur avec l&rsquo;orchestre Radiotango<\/strong><\/li>\n<li><strong>Une salle spacieuse, climatis\u00e9e avec \u00e9clairage naturel de jour<\/strong><\/li>\n<li><strong>\u2026 et les paysages des Cantons de l\u2019Est vous sont offerts en prime !<\/strong><\/li>\n<\/ul>\n<p>Si vous ne trouvez pas toutes les informations sur notre site Internet, n\u2019h\u00e9sitez pas \u00e0\u00a0<a href=\"https:\/\/madameivonne.ca\/contact\/\">nous contacter<\/a><\/p>","protected":false},"excerpt":{"rendered":"<p>Los Cuatro Amigos \u00a0 Quatre passionn\u00e9s du tango argentin ont uni leurs forces pour vous concocter un \u00e9v\u00e9nement m\u00e9morable. La premi\u00e8re \u00e9dition de cet Encuentro Milonguero s\u2019inscrit dans le d\u00e9sir de l\u2019\u00e9quipe de vous offrir un moment authentique, dans la tradition des encuentros d\u2019Europe, empreint de convivialit\u00e9, de respect et d\u2019\u00e9changes. \u00a0 Le forfait inclut: [&hellip;]<\/p>\n","protected":false},"author":3,"featured_media":0,"parent":0,"menu_order":0,"comment_status":"closed","ping_status":"closed","template":"","meta":{"footnotes":""},"class_list":["post-26","page","type-page","status-publish","hentry"],"_links":{"self":[{"href":"https:\/\/madameivonne.ca\/index.php?rest_route=\/wp\/v2\/pages\/26","targetHints":{"allow":["GET"]}}],"collection":[{"href":"https:\/\/madameivonne.ca\/index.php?rest_route=\/wp\/v2\/pages"}],"about":[{"href":"https:\/\/madameivonne.ca\/index.php?rest_route=\/wp\/v2\/types\/page"}],"author":[{"embeddable":true,"href":"https:\/\/madameivonne.ca\/index.php?rest_route=\/wp\/v2\/users\/3"}],"replies":[{"embeddable":true,"href":"https:\/\/madameivonne.ca\/index.php?rest_route=%2Fwp%2Fv2%2Fcomments&post=26"}],"version-history":[{"count":24,"href":"https:\/\/madameivonne.ca\/index.php?rest_route=\/wp\/v2\/pages\/26\/revisions"}],"predecessor-version":[{"id":893,"href":"https:\/\/madameivonne.ca\/index.php?rest_route=\/wp\/v2\/pages\/26\/revisions\/893"}],"wp:attachment":[{"href":"https:\/\/madameivonne.ca\/index.php?rest_route=%2Fwp%2Fv2%2Fmedia&parent=26"}],"curies":[{"name":"wp","href":"https:\/\/api.w.org\/{rel}","templated":true}]}}