{"id":267,"date":"2023-05-23T18:56:55","date_gmt":"2023-05-23T22:56:55","guid":{"rendered":"https:\/\/madameivonne.ca\/?page_id=267"},"modified":"2023-07-13T15:32:18","modified_gmt":"2023-07-13T19:32:18","slug":"inscription","status":"publish","type":"page","link":"https:\/\/madameivonne.ca\/?page_id=267","title":{"rendered":"Inscription"},"content":{"rendered":"\n<div class=\"wp-block-media-text alignwide is-stacked-on-mobile\" style=\"grid-template-columns:30% auto\"><figure class=\"wp-block-media-text__media\"><img loading=\"lazy\" decoding=\"async\" width=\"878\" height=\"629\" src=\"https:\/\/madameivonne.ca\/wp-content\/uploads\/2023\/05\/dactylo.jpg\" alt=\"\" class=\"wp-image-653 size-full\" srcset=\"https:\/\/madameivonne.ca\/wp-content\/uploads\/2023\/05\/dactylo.jpg 878w, https:\/\/madameivonne.ca\/wp-content\/uploads\/2023\/05\/dactylo-300x215.jpg 300w, https:\/\/madameivonne.ca\/wp-content\/uploads\/2023\/05\/dactylo-768x550.jpg 768w, https:\/\/madameivonne.ca\/wp-content\/uploads\/2023\/05\/dactylo-162x116.jpg 162w\" sizes=\"auto, (max-width: 878px) 100vw, 878px\" \/><\/figure><div class=\"wp-block-media-text__content\">\n<h2 class=\"wp-block-heading\">Les inscriptions sont maintenant FERM\u00c9ES !<\/h2>\n\n\n\n<hr class=\"wp-block-separator has-alpha-channel-opacity\"\/>\n\n\n\n<h6 class=\"wp-block-heading\">Le processus d&rsquo;inscription est con\u00e7u afin de garantir la parit\u00e9 entre guideurs et guid\u00e9es et assurer un niveau de ma\u00eetrise minimal du tango par les participants<\/h6>\n\n\n\n<p><br><strong>AUCUNE ADMISSION SPONTAN\u00c9E POSSIBLE \u00c0 LA PORTE !<\/strong><\/p>\n<\/div><\/div>\n\n\n<h3>\u00a0<\/h3>\n<h3>Un seul prix : 185$ CDN par personne<\/h3>\n\n\n<div class=\"wp-block-buttons is-layout-flex wp-block-buttons-is-layout-flex\">\n<div class=\"wp-block-button\"><a class=\"wp-block-button__link has-text-align-center wp-element-button\">Inscriptions ferm\u00e9es<\/a><\/div>\n<\/div>\n\n\n\n<h6 class=\"wp-block-heading\">Proc\u00e9dure d&rsquo;inscription<\/h6>\n\n\n\n<ol class=\"wp-block-list\">\n<li>Remplir le formulaire d\u2019inscription (le paiement n\u2019est pas requis \u00e0 cette \u00e9tape)<\/li>\n\n\n\n<li>Madame Ivonne confirmera votre inscription et vous transmettra les consignes de paiement (par transfert Interac)\n<ul class=\"wp-block-list\">\n<li>Les inscriptions en paires obtiendront leur confirmation dans les jours suivant la r\u00e9ception du formulaire.<\/li>\n\n\n\n<li>Les personnes inscrites seules (homme ou femme) seront mises en attente jusqu\u2019au 9 juin 2023. Ils ou elles recevront ensuite leur confirmation d\u2019inscription ou de mise en liste d\u2019attente selon la disponibilit\u00e9.<\/li>\n<\/ul>\n<\/li>\n\n\n\n<li>Seront consid\u00e9r\u00e9es officiellement inscrites que les personnes ayant r\u00e9gl\u00e9 la totalit\u00e9 du forfait.<\/li>\n<\/ol>\n\n\n\n<h6 class=\"wp-block-heading\">Politique de remboursement<\/h6>\n\n\n\n<ul class=\"wp-block-list\">\n<li>En cas de non tenue de l&rsquo;\u00e9v\u00e9nement, les participants seront rembours\u00e9s int\u00e9gralement.<\/li>\n\n\n\n<li>Remboursement int\u00e9gral possible sur demande jusqu&rsquo;au 9 juin 2023.<\/li>\n\n\n\n<li>Remboursement \u00e0 75% entre le 10 juin et le 23 juin 2023.<\/li>\n\n\n\n<li>Aucun remboursement apr\u00e8s le 23 juin 2023.<\/li>\n\n\n\n<li>Les inscriptions sont non transf\u00e9rables \u00e0 d&rsquo;autres participants.<\/li>\n<\/ul>\n","protected":false},"excerpt":{"rendered":"<p>\u00a0 Un seul prix : 185$ CDN par personne Proc\u00e9dure d&rsquo;inscription Politique de remboursement<\/p>\n","protected":false},"author":3,"featured_media":0,"parent":0,"menu_order":0,"comment_status":"closed","ping_status":"closed","template":"","meta":{"footnotes":""},"class_list":["post-267","page","type-page","status-publish","hentry"],"_links":{"self":[{"href":"https:\/\/madameivonne.ca\/index.php?rest_route=\/wp\/v2\/pages\/267","targetHints":{"allow":["GET"]}}],"collection":[{"href":"https:\/\/madameivonne.ca\/index.php?rest_route=\/wp\/v2\/pages"}],"about":[{"href":"https:\/\/madameivonne.ca\/index.php?rest_route=\/wp\/v2\/types\/page"}],"author":[{"embeddable":true,"href":"https:\/\/madameivonne.ca\/index.php?rest_route=\/wp\/v2\/users\/3"}],"replies":[{"embeddable":true,"href":"https:\/\/madameivonne.ca\/index.php?rest_route=%2Fwp%2Fv2%2Fcomments&post=267"}],"version-history":[{"count":23,"href":"https:\/\/madameivonne.ca\/index.php?rest_route=\/wp\/v2\/pages\/267\/revisions"}],"predecessor-version":[{"id":982,"href":"https:\/\/madameivonne.ca\/index.php?rest_route=\/wp\/v2\/pages\/267\/revisions\/982"}],"wp:attachment":[{"href":"https:\/\/madameivonne.ca\/index.php?rest_route=%2Fwp%2Fv2%2Fmedia&parent=267"}],"curies":[{"name":"wp","href":"https:\/\/api.w.org\/{rel}","templated":true}]}}