{"id":471,"date":"2023-05-24T21:31:49","date_gmt":"2023-05-25T01:31:49","guid":{"rendered":"https:\/\/madameivonne.ca\/?page_id=471"},"modified":"2023-05-25T18:30:27","modified_gmt":"2023-05-25T22:30:27","slug":"hebergements","status":"publish","type":"page","link":"https:\/\/madameivonne.ca\/?page_id=471","title":{"rendered":"H\u00e9bergements"},"content":{"rendered":"\n<p><\/p>\n\n\n\n<div class=\"wp-block-media-text alignwide is-stacked-on-mobile\" style=\"grid-template-columns:32% auto\"><figure class=\"wp-block-media-text__media\"><img loading=\"lazy\" decoding=\"async\" width=\"1024\" height=\"727\" src=\"https:\/\/madameivonne.ca\/wp-content\/uploads\/2023\/05\/hotel-1024x727.jpg\" alt=\"\" class=\"wp-image-480 size-full\" srcset=\"https:\/\/madameivonne.ca\/wp-content\/uploads\/2023\/05\/hotel-1024x727.jpg 1024w, https:\/\/madameivonne.ca\/wp-content\/uploads\/2023\/05\/hotel-300x213.jpg 300w, https:\/\/madameivonne.ca\/wp-content\/uploads\/2023\/05\/hotel-768x545.jpg 768w, https:\/\/madameivonne.ca\/wp-content\/uploads\/2023\/05\/hotel-163x116.jpg 163w, https:\/\/madameivonne.ca\/wp-content\/uploads\/2023\/05\/hotel.jpg 1200w\" sizes=\"auto, (max-width: 1024px) 100vw, 1024px\" \/><\/figure><div class=\"wp-block-media-text__content\">\n<h3 class=\"wp-block-heading\">O\u00f9 se loger ?<\/h3>\n\n\n\n<hr class=\"wp-block-separator has-alpha-channel-opacity\"\/>\n\n\n\n<h6 class=\"wp-block-heading\">Notre forfait ne comprend pas l&rsquo;h\u00e9bergement mais vous trouverez plusieurs offres dans la r\u00e9gion dont ceux-ci. La haute saison arrive alors r\u00e9servez t\u00f4t !<\/h6>\n<\/div><\/div>\n\n\n<h2>\u00a0<\/h2>\n<h2><strong>MAGOG<\/strong><\/h2>\n<p style=\"padding-left: 40px;\">\u00a0<\/p>\n<h5 style=\"padding-left: 40px;\">La Maison de ville &#8211; bed &amp; bistro<\/h5>\n<p style=\"padding-left: 40px;\"><a href=\"http:\/\/www.lamaisondeville.ca\/\" target=\"_blank\" rel=\"noopener\">http:\/\/www.lamaisondeville.ca\/<\/a><\/p>\n<p style=\"padding-left: 40px;\">\u00a0<\/p>\n<h5 style=\"padding-left: 40px;\">A Tout Venant B &amp; B<\/h5>\n<p style=\"padding-left: 40px;\"><a href=\"http:\/\/www.atoutvenant.com\/\" target=\"_blank\" rel=\"noopener\">http:\/\/www.atoutvenant.com\/<\/a><\/p>\n<p style=\"padding-left: 40px;\">\u00a0<\/p>\n<h5 style=\"padding-left: 40px;\">Au Sommet du Lac Magog<\/h5>\n<p style=\"padding-left: 40px;\"><a href=\"https:\/\/locationchaletmagog.com\/\" target=\"_blank\" rel=\"noopener\">https:\/\/locationchaletmagog.com\/<\/a><\/p>\n<p style=\"padding-left: 40px;\">\u00a0<\/p>\n<h5 style=\"padding-left: 40px;\">Au Virage B &amp; B Massotherapie<\/h5>\n<p style=\"padding-left: 40px;\">172 Rue Merry N, Magog, QC J1X 2E8\u00a0 +1 866-868-5828<\/p>\n<p style=\"padding-left: 40px;\">\u00a0<\/p>\n<h5 style=\"padding-left: 40px;\">Au Cafe Creme &amp; Spa<\/h5>\n<p style=\"padding-left: 40px;\">235 Rue des Pins, Magog, QC J1X 2H8\u00a0 +1 877-631-7222<\/p>\n<p>\u00a0<\/p>\n<h2><strong>NORTH HATLEY<\/strong><\/h2>\n<p>\u00a0<\/p>\n<h5 style=\"padding-left: 40px;\">Auberge la chocolatiere<\/h5>\n<p style=\"padding-left: 40px;\"><a href=\"http:\/\/www.aubergelachocolatiere.com\/\" target=\"_blank\" rel=\"noopener\">http:\/\/www.aubergelachocolatiere.com\/<\/a><\/p>\n<p style=\"padding-left: 40px;\">\u00a0<\/p>\n<h5 style=\"padding-left: 40px;\">Auberge Le Tricorne Inn<\/h5>\n<p style=\"padding-left: 40px;\"><a href=\"https:\/\/www.letricorne.com\/en\" target=\"_blank\" rel=\"noopener\">https:\/\/www.letricorne.com\/en<\/a><\/p>\n<p style=\"padding-left: 40px;\">\u00a0<\/p>\n<h5 style=\"padding-left: 40px;\">Serendipity<\/h5>\n<p style=\"padding-left: 40px;\"><a href=\"http:\/\/www.serendipitybb.qc.ca\/\">http:\/\/www.serendipitybb.qc.ca\/<\/a><\/p>\n<p>\u00a0<\/p>\n\n\n<p><\/p>\n","protected":false},"excerpt":{"rendered":"<p>\u00a0 MAGOG \u00a0 La Maison de ville &#8211; bed &amp; bistro http:\/\/www.lamaisondeville.ca\/ \u00a0 A Tout Venant B &amp; B http:\/\/www.atoutvenant.com\/ \u00a0 Au Sommet du Lac Magog https:\/\/locationchaletmagog.com\/ \u00a0 Au Virage B &amp; B Massotherapie 172 Rue Merry N, Magog, QC J1X 2E8\u00a0 +1 866-868-5828 \u00a0 Au Cafe Creme &amp; Spa 235 Rue des Pins, Magog, [&hellip;]<\/p>\n","protected":false},"author":3,"featured_media":0,"parent":0,"menu_order":0,"comment_status":"closed","ping_status":"closed","template":"","meta":{"footnotes":""},"class_list":["post-471","page","type-page","status-publish","hentry"],"_links":{"self":[{"href":"https:\/\/madameivonne.ca\/index.php?rest_route=\/wp\/v2\/pages\/471","targetHints":{"allow":["GET"]}}],"collection":[{"href":"https:\/\/madameivonne.ca\/index.php?rest_route=\/wp\/v2\/pages"}],"about":[{"href":"https:\/\/madameivonne.ca\/index.php?rest_route=\/wp\/v2\/types\/page"}],"author":[{"embeddable":true,"href":"https:\/\/madameivonne.ca\/index.php?rest_route=\/wp\/v2\/users\/3"}],"replies":[{"embeddable":true,"href":"https:\/\/madameivonne.ca\/index.php?rest_route=%2Fwp%2Fv2%2Fcomments&post=471"}],"version-history":[{"count":17,"href":"https:\/\/madameivonne.ca\/index.php?rest_route=\/wp\/v2\/pages\/471\/revisions"}],"predecessor-version":[{"id":707,"href":"https:\/\/madameivonne.ca\/index.php?rest_route=\/wp\/v2\/pages\/471\/revisions\/707"}],"wp:attachment":[{"href":"https:\/\/madameivonne.ca\/index.php?rest_route=%2Fwp%2Fv2%2Fmedia&parent=471"}],"curies":[{"name":"wp","href":"https:\/\/api.w.org\/{rel}","templated":true}]}}