{"id":509,"date":"2023-05-25T06:07:03","date_gmt":"2023-05-25T10:07:03","guid":{"rendered":"https:\/\/madameivonne.ca\/?page_id=509"},"modified":"2023-05-31T10:27:08","modified_gmt":"2023-05-31T14:27:08","slug":"djsfr","status":"publish","type":"page","link":"https:\/\/madameivonne.ca\/?page_id=509","title":{"rendered":"DJs"},"content":{"rendered":"\n<div class=\"wp-block-media-text alignwide is-stacked-on-mobile\" style=\"grid-template-columns:21% auto\"><figure class=\"wp-block-media-text__media\"><img loading=\"lazy\" decoding=\"async\" width=\"405\" height=\"481\" src=\"https:\/\/madameivonne.ca\/wp-content\/uploads\/2023\/05\/djvintage-e1685010422911.jpg\" alt=\"\" class=\"wp-image-517 size-full\" srcset=\"https:\/\/madameivonne.ca\/wp-content\/uploads\/2023\/05\/djvintage-e1685010422911.jpg 405w, https:\/\/madameivonne.ca\/wp-content\/uploads\/2023\/05\/djvintage-e1685010422911-253x300.jpg 253w, https:\/\/madameivonne.ca\/wp-content\/uploads\/2023\/05\/djvintage-e1685010422911-98x116.jpg 98w\" sizes=\"auto, (max-width: 405px) 100vw, 405px\" \/><\/figure><div class=\"wp-block-media-text__content\">\n<h3 class=\"wp-block-heading\"><strong>Nos Djs<\/strong><\/h3>\n\n\n\n<hr class=\"wp-block-separator has-alpha-channel-opacity\"\/>\n\n\n\n<h6 class=\"wp-block-heading\">La qualit\u00e9 de la musicalisation est un \u00e9l\u00e9ment incontournable pour Madame Ivonne<\/h6>\n<\/div><\/div>\n\n\n<p><br \/><br \/><\/p>\n\n\n<div class=\"wp-block-media-text alignwide is-stacked-on-mobile\" style=\"grid-template-columns:30% auto\"><figure class=\"wp-block-media-text__media\"><img loading=\"lazy\" decoding=\"async\" width=\"886\" height=\"588\" src=\"https:\/\/madameivonne.ca\/wp-content\/uploads\/2023\/05\/DjBerny.jpg\" alt=\"\" class=\"wp-image-601 size-large\" srcset=\"https:\/\/madameivonne.ca\/wp-content\/uploads\/2023\/05\/DjBerny.jpg 886w, https:\/\/madameivonne.ca\/wp-content\/uploads\/2023\/05\/DjBerny-300x199.jpg 300w, https:\/\/madameivonne.ca\/wp-content\/uploads\/2023\/05\/DjBerny-768x510.jpg 768w, https:\/\/madameivonne.ca\/wp-content\/uploads\/2023\/05\/DjBerny-175x116.jpg 175w, https:\/\/madameivonne.ca\/wp-content\/uploads\/2023\/05\/DjBerny-272x182.jpg 272w\" sizes=\"auto, (max-width: 886px) 100vw, 886px\" \/><\/figure><div class=\"wp-block-media-text__content\">\n<h6 class=\"wp-block-heading\"><strong>Bernard \u00ab&nbsp;El piCar\u00f3n&nbsp;\u00bb<\/strong><\/h6>\n\n\n\n<h2 class=\"wp-block-heading has-small-font-size\" style=\"font-style:normal;font-weight:200\"><br>Bernard n&rsquo;est pas un nouveau venu ! Il a fait ses d\u00e9buts \u00e0 Montr\u00e9al en musicalisant avec des lecteurs CD les soir\u00e9es Bouffe &amp; Tango \u00e0 l&rsquo;Auberge St-Gabriel et les BBQ-Tango du Ch\u00e2teau Saint-Ambroise au d\u00e9but des ann\u00e9es 2000. Il privil\u00e9gie l&rsquo;\u00e9quilibre entre tangos rythm\u00e9s et m\u00e9lodiques en exploitant l&rsquo;ensemble du registre de 1930 \u00e0 1955.<\/h2>\n\n\n\n<h2 class=\"wp-block-heading has-small-font-size\" style=\"font-style:normal;font-weight:400\"><br>Tanda f\u00e9tiche: Les tangos chant\u00e9s en fran\u00e7ais de Rafael Canaro<\/h2>\n<\/div><\/div>\n\n\n\n<hr class=\"wp-block-separator has-alpha-channel-opacity\"\/>\n\n\n\n<div class=\"wp-block-media-text alignwide is-stacked-on-mobile\" style=\"grid-template-columns:30% auto\"><figure class=\"wp-block-media-text__media\"><img loading=\"lazy\" decoding=\"async\" width=\"1000\" height=\"600\" src=\"https:\/\/madameivonne.ca\/wp-content\/uploads\/2023\/05\/DjLyson.jpg\" alt=\"\" class=\"wp-image-740 size-full\" srcset=\"https:\/\/madameivonne.ca\/wp-content\/uploads\/2023\/05\/DjLyson.jpg 1000w, https:\/\/madameivonne.ca\/wp-content\/uploads\/2023\/05\/DjLyson-300x180.jpg 300w, https:\/\/madameivonne.ca\/wp-content\/uploads\/2023\/05\/DjLyson-768x461.jpg 768w, https:\/\/madameivonne.ca\/wp-content\/uploads\/2023\/05\/DjLyson-193x116.jpg 193w\" sizes=\"auto, (max-width: 1000px) 100vw, 1000px\" \/><\/figure><div class=\"wp-block-media-text__content\">\n<h6 class=\"wp-block-heading\">DJ Lyse \u00ab\u00a0Lyson\u00a0\u00bb Marceau<\/h6>\n\n\n\n<h2 class=\"wp-block-heading has-small-font-size\" style=\"font-style:normal;font-weight:200\"><br>Son incursion dans le monde du tango d\u00e9bute en 1993. Le tango s&rsquo;est infiltr\u00e9 lentement dans son style de vie \u00e0 travers les ann\u00e9es. C&rsquo;est gr\u00e2ce \u00e0 son compagnon de vie, Michel Auzat, que son int\u00e9r\u00eat pour la musique du tango s&rsquo;est d\u00e9velopp\u00e9. Ce c\u00e9l\u00e8bre DJ pendant plus de 20 ans, a sollicit\u00e9 r\u00e9guli\u00e8rement l&rsquo;aide de Lyson pour l&rsquo;analyse des pi\u00e8ces. Lyson b\u00e9n\u00e9ficie de la transmission des connaissances infinies et du g\u00e9nie de Michel.<\/h2>\n\n\n\n<h2 class=\"wp-block-heading has-small-font-size\" style=\"font-style:normal;font-weight:400\"><br>Tanda f\u00e9tiche: Les incontournables valses de Biagi !<\/h2>\n<\/div><\/div>\n\n\n\n<hr class=\"wp-block-separator has-alpha-channel-opacity\"\/>\n\n\n\n<div class=\"wp-block-media-text alignwide is-stacked-on-mobile\" style=\"grid-template-columns:30% auto\"><figure class=\"wp-block-media-text__media\"><img loading=\"lazy\" decoding=\"async\" width=\"1011\" height=\"1024\" src=\"https:\/\/madameivonne.ca\/wp-content\/uploads\/2023\/05\/DjGuy2-e1685016145603-1011x1024.png\" alt=\"\" class=\"wp-image-592 size-large\"\/><\/figure><div class=\"wp-block-media-text__content\">\n<h6 class=\"wp-block-heading\">Guy McCrea <strong>\u00ab&nbsp;El Irland\u00e9s&nbsp;\u00bb<\/strong><\/h6>\n\n\n\n<h2 class=\"wp-block-heading has-small-font-size\" style=\"font-style:normal;font-weight:200\"><br>Il a fait ses d\u00e9buts en tant que Dj en 2012 \u00e0 Las Piernas puis au Cozy et est invit\u00e9 fr\u00e9quemment dans des  festivals. Guy connait ses classiques et constitue une valeur sure pour les milongueros et milongueras. Il partage sa passion activement sur les r\u00e9seaux sociaux o\u00f9 il vulgarise et fait conna\u00eetre les grands classiques de l&rsquo;\u00e9poca de oro.<\/h2>\n\n\n\n<h2 class=\"wp-block-heading has-small-font-size\" style=\"font-style:normal;font-weight:400\"><br>Tanda f\u00e9tiche: Pedro Laurenz (avec Juan Carlos Casas)<\/h2>\n<\/div><\/div>\n\n\n\n<hr class=\"wp-block-separator has-alpha-channel-opacity\"\/>\n\n\n\n<div class=\"wp-block-media-text alignwide is-stacked-on-mobile\" style=\"grid-template-columns:30% auto\"><figure class=\"wp-block-media-text__media\"><img loading=\"lazy\" decoding=\"async\" width=\"911\" height=\"547\" src=\"https:\/\/madameivonne.ca\/wp-content\/uploads\/2023\/05\/Bryant.jpg\" alt=\"\" class=\"wp-image-380 size-large\" srcset=\"https:\/\/madameivonne.ca\/wp-content\/uploads\/2023\/05\/Bryant.jpg 911w, https:\/\/madameivonne.ca\/wp-content\/uploads\/2023\/05\/Bryant-300x180.jpg 300w, https:\/\/madameivonne.ca\/wp-content\/uploads\/2023\/05\/Bryant-768x461.jpg 768w, https:\/\/madameivonne.ca\/wp-content\/uploads\/2023\/05\/Bryant-193x116.jpg 193w\" sizes=\"auto, (max-width: 911px) 100vw, 911px\" \/><\/figure><div class=\"wp-block-media-text__content\">\n<h6 class=\"wp-block-heading\">Bryant Lopez<\/h6>\n\n\n\n<h2 class=\"wp-block-heading has-small-font-size\" style=\"font-style:normal;font-weight:200\"><br>Bryant a \u00e9t\u00e9 initi\u00e9 au tango argentin d\u00e8s l&rsquo;\u00e2ge de 19 ans. Son influence en tant que DJ trouve sa source chez Mario Orlando l&rsquo;un des DJ de tango les plus connus de Buenos Aires (Club Sunderlan, Nino Bien, Salon Caning et bien d&rsquo;autres encore). Bryant a commenc\u00e9 sa collection de musique en 1995 avec des cassettes puis des CD. Son point fort est la connaissance de l&rsquo;histoire des orchestres et de la musique de l&rsquo;\u00e2ge d&rsquo;or jusqu&rsquo;aux ann\u00e9es 1950.<\/h2>\n\n\n\n<h2 class=\"wp-block-heading has-small-font-size\" style=\"font-style:normal;font-weight:200\"><br><\/h2>\n\n\n\n<h2 class=\"wp-block-heading has-small-font-size\" style=\"font-style:normal;font-weight:400\">Tanda f\u00e9tiche: Anibal Troilo avec Roberto Rufino<\/h2>\n<\/div><\/div>\n","protected":false},"excerpt":{"rendered":"<p>Bernard \u00ab&nbsp;El piCar\u00f3n&nbsp;\u00bb Bernard n&rsquo;est pas un nouveau venu ! Il a fait ses d\u00e9buts \u00e0 Montr\u00e9al en musicalisant avec des lecteurs CD les soir\u00e9es Bouffe &amp; Tango \u00e0 l&rsquo;Auberge St-Gabriel et les BBQ-Tango du Ch\u00e2teau Saint-Ambroise au d\u00e9but des ann\u00e9es 2000. Il privil\u00e9gie l&rsquo;\u00e9quilibre entre tangos rythm\u00e9s et m\u00e9lodiques en exploitant l&rsquo;ensemble du registre [&hellip;]<\/p>\n","protected":false},"author":3,"featured_media":0,"parent":0,"menu_order":0,"comment_status":"closed","ping_status":"closed","template":"","meta":{"footnotes":""},"class_list":["post-509","page","type-page","status-publish","hentry"],"_links":{"self":[{"href":"https:\/\/madameivonne.ca\/index.php?rest_route=\/wp\/v2\/pages\/509","targetHints":{"allow":["GET"]}}],"collection":[{"href":"https:\/\/madameivonne.ca\/index.php?rest_route=\/wp\/v2\/pages"}],"about":[{"href":"https:\/\/madameivonne.ca\/index.php?rest_route=\/wp\/v2\/types\/page"}],"author":[{"embeddable":true,"href":"https:\/\/madameivonne.ca\/index.php?rest_route=\/wp\/v2\/users\/3"}],"replies":[{"embeddable":true,"href":"https:\/\/madameivonne.ca\/index.php?rest_route=%2Fwp%2Fv2%2Fcomments&post=509"}],"version-history":[{"count":66,"href":"https:\/\/madameivonne.ca\/index.php?rest_route=\/wp\/v2\/pages\/509\/revisions"}],"predecessor-version":[{"id":810,"href":"https:\/\/madameivonne.ca\/index.php?rest_route=\/wp\/v2\/pages\/509\/revisions\/810"}],"wp:attachment":[{"href":"https:\/\/madameivonne.ca\/index.php?rest_route=%2Fwp%2Fv2%2Fmedia&parent=509"}],"curies":[{"name":"wp","href":"https:\/\/api.w.org\/{rel}","templated":true}]}}